{"id":134,"date":"2022-01-02T18:52:56","date_gmt":"2022-01-02T17:52:56","guid":{"rendered":"https:\/\/www.dlrk.dk\/la\/?page_id=134"},"modified":"2026-03-30T18:35:14","modified_gmt":"2026-03-30T16:35:14","slug":"faq","status":"publish","type":"page","link":"https:\/\/www.dlrk.dk\/la\/faq\/","title":{"rendered":"FAQ"},"content":{"rendered":"\n<p><strong>ENG below<\/strong><\/p>\n\n\n\n<p>Q: Hvordan tilmelder jeg om jeg kommer med campingvogn eller telt?<br>A: Alle pladser er lavet s\u00e5 der er plads til campingvogn og en bil.<\/p>\n\n\n\n<p>Q: Kan man komme med 2 telte eller campingvogne?<br>A: Ja, tilmeld jer hver enhed for sig.<\/p>\n\n\n\n<p>Q: Hvad g\u00f8r man hvis man har mere end \u00e9n bil med?<br>A: Der vil v\u00e6re etableret p-pladser til ekstra biler<\/p>\n\n\n\n<p>Q: Er der adgang til pladsen d\u00f8gnet rundt?<br>A: Ja.<\/p>\n\n\n\n<p>Q: Er der str\u00f8m i camp omr\u00e5det ?<br>A: Ja der er i str\u00f8m i camp omr\u00e5det<\/p>\n\n\n\n<p>Q: Kan man bestille morgenmad, som det har v\u00e6ret muligt andre \u00e5r?<br>A: Ja, der vil v\u00e6re en aftale med en lokal bager, s\u00e5 man kan hente morgenmad i f\u00e6llesteltet om morgenen<\/p>\n\n\n\n<p>Q: Kan man tilmelde dig uden at anvende Nemtilmeld?<br>A: Nej al tilmelding og betaling forg\u00e5r via Nemtilmeld<\/p>\n\n\n\n<h2 class=\"wp-block-heading\"><strong>FAQ English<\/strong><\/h2>\n\n\n\n<p><strong>Q: How do I register whether I\u2019m coming with a caravan or a tent?<\/strong><br><strong>A:<\/strong> All pitches are designed to accommodate both a caravan and one car.<\/p>\n\n\n\n<p><strong>Q: Is it possible to bring two tents or caravans?<\/strong><br><strong>A:<\/strong> Yes. Please register each unit separately.<\/p>\n\n\n\n<p><strong>Q: What if I bring more than one car?<\/strong><br><strong>A:<\/strong> Designated parking areas will be available for additional vehicles.<\/p>\n\n\n\n<p><strong>Q: Is the campsite accessible 24\/7?<\/strong><br><strong>A:<\/strong> Yes.<\/p>\n\n\n\n<p><strong>Q: Is electricity available in the camp area?<\/strong><br><strong>A:<\/strong> Yes, electricity is available throughout the camp area.<\/p>\n\n\n\n<p><strong>Q: Can breakfast be ordered, as in previous years?<\/strong><br><strong>A:<\/strong> Yes. An agreement has been made with a local bakery, so breakfast can be collected in the common tent in the morning.<\/p>\n\n\n\n<p><strong>Q: Is it possible to register without using NemTilmeld?<\/strong><br><strong>A:<\/strong> No. All registration and payment must be completed via NemTilmeld.<\/p>\n\n\n\n<p><\/p>\n\n\n\n<p><\/p>\n\n\n\n<p><\/p>\n\n\n\n<p><\/p>\n","protected":false},"excerpt":{"rendered":"<p>ENG below Q: Hvordan tilmelder jeg om jeg kommer med campingvogn eller telt?A: Alle pladser er lavet s\u00e5 der er plads til campingvogn og en&hellip;<\/p>\n","protected":false},"author":1,"featured_media":0,"parent":0,"menu_order":0,"comment_status":"closed","ping_status":"closed","template":"","meta":{"footnotes":""},"class_list":["post-134","page","type-page","status-publish","hentry"],"_links":{"self":[{"href":"https:\/\/www.dlrk.dk\/la\/wp-json\/wp\/v2\/pages\/134","targetHints":{"allow":["GET"]}}],"collection":[{"href":"https:\/\/www.dlrk.dk\/la\/wp-json\/wp\/v2\/pages"}],"about":[{"href":"https:\/\/www.dlrk.dk\/la\/wp-json\/wp\/v2\/types\/page"}],"author":[{"embeddable":true,"href":"https:\/\/www.dlrk.dk\/la\/wp-json\/wp\/v2\/users\/1"}],"replies":[{"embeddable":true,"href":"https:\/\/www.dlrk.dk\/la\/wp-json\/wp\/v2\/comments?post=134"}],"version-history":[{"count":23,"href":"https:\/\/www.dlrk.dk\/la\/wp-json\/wp\/v2\/pages\/134\/revisions"}],"predecessor-version":[{"id":681,"href":"https:\/\/www.dlrk.dk\/la\/wp-json\/wp\/v2\/pages\/134\/revisions\/681"}],"wp:attachment":[{"href":"https:\/\/www.dlrk.dk\/la\/wp-json\/wp\/v2\/media?parent=134"}],"curies":[{"name":"wp","href":"https:\/\/api.w.org\/{rel}","templated":true}]}}