{"id":231,"date":"2022-11-19T07:51:56","date_gmt":"2022-11-19T06:51:56","guid":{"rendered":"https:\/\/www.dlrk.dk\/la\/?page_id=231"},"modified":"2026-03-30T19:12:36","modified_gmt":"2026-03-30T17:12:36","slug":"oplevelser-i-omraadet","status":"publish","type":"page","link":"https:\/\/www.dlrk.dk\/la\/oplevelser-i-omraadet\/","title":{"rendered":"Info Honda Park"},"content":{"rendered":"\n<p><strong>English below<\/strong><\/p>\n\n\n\n<p>Dette \u00e5rs arrangement afvikles med camp p\u00e5 Honda Park udenfor Randers. Der oprettes campingsenheder med plads til \u00e9n campingsvogn eller \u00e9t telt + \u00e9n bil. Alle enheder kan tilkobles str\u00f8m, hvis \u00f8nsket. Det er noget, du aktivt skal tilv\u00e6lge ved tilmelding. <\/p>\n\n\n\n<p>Der er mulighed for, at cykle p\u00e5 crossbanen, ligesom familiens mindste medlemmer kan medbringe ATV til leg p\u00e5 banen.<\/p>\n\n\n\n<p>6 km. fra campen finder du Randers&#8217; centeromr\u00e5de med blandt andet finder apotek, Lidl, Bilka og Bones. Der er ligeledes kort til Randers centrum.<\/p>\n\n\n\n<hr class=\"wp-block-separator has-alpha-channel-opacity\"\/>\n\n\n\n<p>This year\u2019s event will take place with camping at Honda Park just outside Randers.<br>Camping units will be established with space for one caravan or one tent plus one car.<br>All units can be connected to electricity if required. Electricity must be selected as an option during registration.<\/p>\n\n\n\n<p>There will be access to the motocross track, where bicycles and children\u2019s ATVs only are permitted for use. No other motorised vehicles are allowed on the track.<\/p>\n\n\n\n<p>Approximately 6 km from the campsite, you will find the Randers shopping area, including a pharmacy, Lidl, Bilka, and Bones restaurant. Randers city centre is also located nearby.<\/p>\n\n\n\n<p><strong>Attraktioner\/Nearby attractions:<\/strong><\/p>\n\n\n\n<p>Randers Regnskov \/Randers Rainforest &#8211; 9 km<\/p>\n\n\n\n<p>Fregatten Jylland (Danish warship and museum) &#8211; 48 km<\/p>\n\n\n\n<p>Mols Bjerge Nationalpark \/National Park Mols &#8211; 40 km<\/p>\n\n\n\n<p>Fjellerup strand \/ Fjellerup Beach &#8211; 35 km<\/p>\n\n\n\n<p>Ree Park &#8211; 48 km (Safari Theme park)<\/p>\n\n\n\n<p>Djurs Sommerland &#8211; 32 km (Theme park)<\/p>\n\n\n\n<p>Kattegat Centret &#8211; 56 km (Marine experience centre)<\/p>\n\n\n\n<p><\/p>\n","protected":false},"excerpt":{"rendered":"<p>English below Dette \u00e5rs arrangement afvikles med camp p\u00e5 Honda Park udenfor Randers. Der oprettes campingsenheder med plads til \u00e9n campingsvogn eller \u00e9t telt +&hellip;<\/p>\n","protected":false},"author":1,"featured_media":0,"parent":0,"menu_order":0,"comment_status":"closed","ping_status":"closed","template":"","meta":{"footnotes":""},"class_list":["post-231","page","type-page","status-publish","hentry"],"_links":{"self":[{"href":"https:\/\/www.dlrk.dk\/la\/wp-json\/wp\/v2\/pages\/231","targetHints":{"allow":["GET"]}}],"collection":[{"href":"https:\/\/www.dlrk.dk\/la\/wp-json\/wp\/v2\/pages"}],"about":[{"href":"https:\/\/www.dlrk.dk\/la\/wp-json\/wp\/v2\/types\/page"}],"author":[{"embeddable":true,"href":"https:\/\/www.dlrk.dk\/la\/wp-json\/wp\/v2\/users\/1"}],"replies":[{"embeddable":true,"href":"https:\/\/www.dlrk.dk\/la\/wp-json\/wp\/v2\/comments?post=231"}],"version-history":[{"count":16,"href":"https:\/\/www.dlrk.dk\/la\/wp-json\/wp\/v2\/pages\/231\/revisions"}],"predecessor-version":[{"id":687,"href":"https:\/\/www.dlrk.dk\/la\/wp-json\/wp\/v2\/pages\/231\/revisions\/687"}],"wp:attachment":[{"href":"https:\/\/www.dlrk.dk\/la\/wp-json\/wp\/v2\/media?parent=231"}],"curies":[{"name":"wp","href":"https:\/\/api.w.org\/{rel}","templated":true}]}}