{"id":34,"date":"2021-10-28T20:37:48","date_gmt":"2021-10-28T18:37:48","guid":{"rendered":"https:\/\/www.dlrk.dk\/la\/?page_id=34"},"modified":"2026-04-13T19:39:09","modified_gmt":"2026-04-13T17:39:09","slug":"priser","status":"publish","type":"page","link":"https:\/\/www.dlrk.dk\/la\/priser\/","title":{"rendered":"Priser\/Fee"},"content":{"rendered":"\n<figure class=\"wp-block-table\"><table class=\"has-fixed-layout\"><tbody><tr><td><strong>Billettype \/ Ticket<\/strong><\/td><td class=\"has-text-align-center\" data-align=\"center\"><strong>DKK<\/strong><\/td><td><strong>Bem\u00e6rkninger\/Notes<\/strong><\/td><\/tr><tr><td>1 voksen, uge \/ 1 adult all week<\/td><td class=\"has-text-align-center\" data-align=\"center\">1.995.-<\/td><td>&nbsp;<\/td><\/tr><tr><td>2 voksne, uge \/ 2 adults all week<\/td><td class=\"has-text-align-center\" data-align=\"center\">2.995.-<\/td><td>&nbsp;<\/td><\/tr><tr><td>1 voksen + 1 barn, uge \/ 1 adult + 1 child all week<\/td><td class=\"has-text-align-center\" data-align=\"center\">2.235.-<\/td><td>Barn 0 &#8211; 16 \u00e5r \/ Child up to age 16<\/td><\/tr><tr><td>2 voksne + 1 barn, uge \/ 2 adults + 1 child all week<\/td><td class=\"has-text-align-center\" data-align=\"center\">3.240.-<\/td><td>Barn 0 &#8211; 16 \u00e5r \/ Child up to age 16<\/td><\/tr><tr><td>2 voksne + 2 b\u00f8rn, uge \/ 2 adults + 2 children all week<\/td><td class=\"has-text-align-center\" data-align=\"center\">3.490.-<\/td><td>Barn 0 &#8211; 16 \u00e5r \/ Child up to age 16<\/td><\/tr><tr><td>2 voksne + 3 b\u00f8rn, uge \/ 2 adults + 3 children<\/td><td class=\"has-text-align-center\" data-align=\"center\">3.740.-<\/td><td>Barn 0 &#8211; 16 \u00e5r \/ Child up to age 16<\/td><\/tr><tr><td>Dagsbillet pr. pers. \/ One day ticket<\/td><td class=\"has-text-align-center\" data-align=\"center\">250.-<\/td><td>Kun deltagelse i aktiviteter \/ Only participation in activities<\/td><\/tr><tr><td>Dagsbillet 1 voksen \/ One day ticket, 1 adult<\/td><td class=\"has-text-align-center\" data-align=\"center\">350.-<\/td><td>Aktiviteter inkl. 1 overnatning \/ Activities + one night stay<\/td><\/tr><tr><td>Dagsbillet 1 voksen + 1 barn \/ One day ticket, 1 adult + 1 child<\/td><td class=\"has-text-align-center\" data-align=\"center\">450.-<\/td><td>Aktiviteter inkl. 1 overnatning \/ Activities + one night stay<\/td><\/tr><tr><td>Dagsbillet 2 voksne \/ Onde day ticket, 2 adutls<\/td><td class=\"has-text-align-center\" data-align=\"center\">600.-<\/td><td>Aktiviteter inkl. 1 overnatning \/ Activities + one night stay<\/td><\/tr><tr><td>Ekstra voksen p\u00e5 enhed, uge \/ 1 extra dult at unit<\/td><td class=\"has-text-align-center\" data-align=\"center\">1.000.-<\/td><td>Person i samme campingsvogn eller telt \/ must stay in same caravan or tent<\/td><\/tr><tr><td>Str\u00f8m \/ Electricity<\/td><td class=\"has-text-align-center\" data-align=\"center\">50.-<\/td><td>pr. dag pr. enhed \/ per day per unit<\/td><\/tr><tr><td>Tyrolerfest, 1 voksen \/ October party, 1 adult&nbsp;<\/td><td class=\"has-text-align-center\" data-align=\"center\">150.-<\/td><td>Spisebillet \/ Dinnerticket<\/td><\/tr><tr><td>\u00d8lsmagning 1 voksen \/ Beer tasting, 1 adult<\/td><td class=\"has-text-align-center\" data-align=\"center\">150.-<\/td><td>Minimumsalder 18 \u00e5r \/ minimum age 18<\/td><\/tr><tr><td>Jubil\u00e6umskaffe \/ Anniversary coffee&nbsp;<\/td><td class=\"has-text-align-center\" data-align=\"center\">0.-<\/td><td>&nbsp;<\/td><\/tr><tr><td>F\u00e6llesspisning fredag, 1 voksen \/ Community dinner Friday, 1 adult<\/td><td class=\"has-text-align-center\" data-align=\"center\">100.-<\/td><td>&nbsp;<\/td><\/tr><tr><td>F\u00e6llesspisning fredag, 1 barn \/ Community dinner Friday, 1 child<\/td><td class=\"has-text-align-center\" data-align=\"center\">50.-<\/td><td>Barn 0 &#8211; 16 \u00e5r \/ Barn 0 &#8211; 16 \u00e5r \/ Child up to age 16<\/td><\/tr><tr><td>All-inklusive armb\u00e5nd, 1 barn \/ All-inclusive wristband, 1 child<\/td><td class=\"has-text-align-center\" data-align=\"center\">200.-<\/td><td>&nbsp;<\/td><\/tr><tr><td>Festmiddag, 1 voksen\/Gala-dinner, 1 adult<\/td><td class=\"has-text-align-center\" data-align=\"center\">250.-<\/td><td>L\u00f8rdag \/ Saturday<\/td><\/tr><tr><td>Festmiddag\/Gala-dinner<\/td><td class=\"has-text-align-center\" data-align=\"center\">150.-<\/td><td>Barn 0 &#8211; 16 \u00e5r \/ Barn 0 &#8211; 16 \u00e5r \/ Child up to age 16<\/td><\/tr><\/tbody><\/table><\/figure>\n\n\n\n<p>Bem\u00e6rk, der opkr\u00e6ves dagsbillet, n\u00e5r man deltager aktivt i en konkurrence eller har tilmeldt sig en social aktivitet.<\/p>\n\n\n\n<p><strong>ENG:<\/strong> Please note: A day ticket is required when actively participating in a competition or registered for a social activity.<\/p>\n\n\n\n<p><\/p>\n","protected":false},"excerpt":{"rendered":"<p>Billettype \/ Ticket DKK Bem\u00e6rkninger\/Notes 1 voksen, uge \/ 1 adult all week 1.995.- &nbsp; 2 voksne, uge \/ 2 adults all week 2.995.- &nbsp;&hellip;<\/p>\n","protected":false},"author":1,"featured_media":0,"parent":0,"menu_order":0,"comment_status":"closed","ping_status":"closed","template":"","meta":{"footnotes":""},"class_list":["post-34","page","type-page","status-publish","hentry"],"_links":{"self":[{"href":"https:\/\/www.dlrk.dk\/la\/wp-json\/wp\/v2\/pages\/34","targetHints":{"allow":["GET"]}}],"collection":[{"href":"https:\/\/www.dlrk.dk\/la\/wp-json\/wp\/v2\/pages"}],"about":[{"href":"https:\/\/www.dlrk.dk\/la\/wp-json\/wp\/v2\/types\/page"}],"author":[{"embeddable":true,"href":"https:\/\/www.dlrk.dk\/la\/wp-json\/wp\/v2\/users\/1"}],"replies":[{"embeddable":true,"href":"https:\/\/www.dlrk.dk\/la\/wp-json\/wp\/v2\/comments?post=34"}],"version-history":[{"count":31,"href":"https:\/\/www.dlrk.dk\/la\/wp-json\/wp\/v2\/pages\/34\/revisions"}],"predecessor-version":[{"id":705,"href":"https:\/\/www.dlrk.dk\/la\/wp-json\/wp\/v2\/pages\/34\/revisions\/705"}],"wp:attachment":[{"href":"https:\/\/www.dlrk.dk\/la\/wp-json\/wp\/v2\/media?parent=34"}],"curies":[{"name":"wp","href":"https:\/\/api.w.org\/{rel}","templated":true}]}}