{"id":5,"date":"2021-10-28T20:21:01","date_gmt":"2021-10-28T18:21:01","guid":{"rendered":"https:\/\/www.dlrk.dk\/la\/?page_id=5"},"modified":"2026-04-28T12:01:16","modified_gmt":"2026-04-28T10:01:16","slug":"dl-rk_landsarrangement","status":"publish","type":"page","link":"https:\/\/www.dlrk.dk\/la\/","title":{"rendered":"DLRK Landsarrangement 2026 \/ DLRK Danish National Event 2026"},"content":{"rendered":"\n<div class=\"wp-block-columns alignwide are-vertically-aligned-center is-style-twentytwentyone-columns-overlap is-layout-flex wp-container-core-columns-is-layout-9d6595d7 wp-block-columns-is-layout-flex\">\n<div class=\"wp-block-column is-vertically-aligned-center is-layout-flow wp-block-column-is-layout-flow\"><\/div>\n<\/div>\n\n\n\n<div class=\"wp-block-columns alignwide are-vertically-aligned-top is-layout-flex wp-container-core-columns-is-layout-9d6595d7 wp-block-columns-is-layout-flex\">\n<div class=\"wp-block-column is-vertically-aligned-top is-layout-flow wp-block-column-is-layout-flow\">\n<div class=\"wp-block-buttons is-layout-flex wp-block-buttons-is-layout-flex\">\n<div class=\"wp-block-button\"><a class=\"wp-block-button__link wp-element-button\" href=\"https:\/\/dlrkla2026.nemtilmeld.dk\/1\/\">Tilmelding \/ Registration<\/a><\/div>\n<\/div>\n<\/div>\n<\/div>\n\n\n\n<p>Dette \u00e5rs t-shirts koster DKK 150 kr. stk. F\u00e5s i st\u00f8rrelserne S til 6XL. B\u00f8rnest\u00f8rrelser fra 2\/3 op til 14\/16 \u00e5r.<\/p>\n\n\n\n<p>Man bestemmer selv om der skal v\u00e6re tryk foran eller bagp\u00e5. Vigtigt at det skrives p\u00e5 bestillingen, som skal sendes til vores mail  la2026@outlook.dk. <\/p>\n\n\n\n<hr class=\"wp-block-separator has-alpha-channel-opacity\"\/>\n\n\n\n<p>This year\u2019s T-shirts cost DKK 150 per piece.  Available in sizes S to 6XL. Children\u2019s sizes range from 2\/3 up to 14\/16 years.<\/p>\n\n\n\n<p>You can choose whether the print should be on the front or the back. It is important that this is stated in the order, which must be sent to our email: <strong>la2026@outlook.dk<\/strong>.<\/p>\n\n\n\n<figure class=\"wp-block-image size-full\"><img loading=\"lazy\" decoding=\"async\" width=\"526\" height=\"574\" src=\"https:\/\/www.dlrk.dk\/la\/wp-content\/uploads\/2026\/04\/T-shirt.png\" alt=\"\" class=\"wp-image-697\"\/><\/figure>\n","protected":false},"excerpt":{"rendered":"<p>Dette \u00e5rs t-shirts koster DKK 150 kr. stk. F\u00e5s i st\u00f8rrelserne S til 6XL. B\u00f8rnest\u00f8rrelser fra 2\/3 op til 14\/16 \u00e5r. Man bestemmer selv om&hellip;<\/p>\n","protected":false},"author":1,"featured_media":598,"parent":0,"menu_order":0,"comment_status":"closed","ping_status":"closed","template":"","meta":{"footnotes":""},"class_list":["post-5","page","type-page","status-publish","has-post-thumbnail","hentry"],"_links":{"self":[{"href":"https:\/\/www.dlrk.dk\/la\/wp-json\/wp\/v2\/pages\/5","targetHints":{"allow":["GET"]}}],"collection":[{"href":"https:\/\/www.dlrk.dk\/la\/wp-json\/wp\/v2\/pages"}],"about":[{"href":"https:\/\/www.dlrk.dk\/la\/wp-json\/wp\/v2\/types\/page"}],"author":[{"embeddable":true,"href":"https:\/\/www.dlrk.dk\/la\/wp-json\/wp\/v2\/users\/1"}],"replies":[{"embeddable":true,"href":"https:\/\/www.dlrk.dk\/la\/wp-json\/wp\/v2\/comments?post=5"}],"version-history":[{"count":61,"href":"https:\/\/www.dlrk.dk\/la\/wp-json\/wp\/v2\/pages\/5\/revisions"}],"predecessor-version":[{"id":710,"href":"https:\/\/www.dlrk.dk\/la\/wp-json\/wp\/v2\/pages\/5\/revisions\/710"}],"wp:featuredmedia":[{"embeddable":true,"href":"https:\/\/www.dlrk.dk\/la\/wp-json\/wp\/v2\/media\/598"}],"wp:attachment":[{"href":"https:\/\/www.dlrk.dk\/la\/wp-json\/wp\/v2\/media?parent=5"}],"curies":[{"name":"wp","href":"https:\/\/api.w.org\/{rel}","templated":true}]}}