{"id":39,"date":"2024-01-16T17:23:04","date_gmt":"2024-01-16T16:23:04","guid":{"rendered":"https:\/\/www.dlrk.dk\/veteranudvalget\/?page_id=39"},"modified":"2024-01-22T20:29:34","modified_gmt":"2024-01-22T19:29:34","slug":"veteraner-og-syn","status":"publish","type":"page","link":"https:\/\/www.dlrk.dk\/veteranudvalget\/veteraner-og-syn\/","title":{"rendered":"Veteraner og syn"},"content":{"rendered":"\n<figure class=\"wp-block-image\"><img decoding=\"async\" src=\"https:\/\/e1852e5752.cbaul-cdnwnd.com\/be637f8c8325abd1d2f8f1e035fd6587\/200000055-8eb068eb07\/B%C3%B8rges%20synshal-2.jpg?ph=e1852e5752\" alt=\"\"\/><\/figure>\n\n\n\n<h1 class=\"wp-block-heading\">Syn<\/h1>\n\n\n\n<p>Forskellige instanser har forskellig opfattelse af hvorn\u00e5r en bil er veteran. Skat holder fast i at det er 35 \u00e5r, mens F\u00e6rdselsstyrelsen, der st\u00e5r for syn f\u00f8lger EU og siger 30 \u00e5r.&nbsp;<\/p>\n\n\n\n<p>Derfor kan en bil registreres til veterank\u00f8rsel fra den er 30 \u00e5r gammel. N\u00e5r bilen er registreret til veterank\u00f8rsel, skal n\u00e6ste syn af bilen ske, n\u00e5r den er 35 \u00e5r gammel. Derefter skal bilen til syn hvert 8. \u00e5r.<\/p>\n\n\n\n<p>Registrering til veterank\u00f8rsel kan ske i forbindelse med et syn. Eller man kan henvende sig til Motorstyrelsen om at f\u00e5 veteranbilen registreret til veterank\u00f8rsel. Man kan ogs\u00e5 logge p\u00e5 motorregister.skat.dk med sit NemID og selv tilf\u00f8je tilladelsen til veterank\u00f8rsel.Biler registreret til veterank\u00f8rsel indkaldes ikke til syn i vinterperioden fra 15. november til 15. marts.<\/p>\n\n\n\n<h1 class=\"wp-block-heading\" id=\"wnd_TextBlock_48723_inner_0\">Detailforeskrifter<\/h1>\n\n\n\n<p id=\"wnd_TextBlock_48723_inner_1\">Alle k\u00f8ret\u00f8jer der skal indregistreres skal i sagens natur overholde g\u00e6ldende detailforeskrifter.&nbsp;<br>Man skal dog lige v\u00e6re opm\u00e6rksom p\u00e5 at veteranbiler naturligvis ikke kan eller skal opfylde de samme krav som moderne biler.<br>Detailforeskrifter for k\u00f8ret\u00f8jer er et digert v\u00e6rk, men et endnu mere omst\u00e6ndeligt v\u00e6rk er &#8220;Vejledning i Syn af K\u00f8ret\u00f8jer&#8221; Det er kort fortalt Detailforeskrifterne, forklaret, og enhver synsmands &#8220;bibel&#8221;&nbsp;Her er det vigtigt at l\u00e6gge m\u00e6rke til om der i paragrafferne er tilf\u00f8jet en dato, som f.eks &#8220;f\u00f8r 1980: G\u00e6lder ikke!&#8221; Ind i mellem oplever man synsfolk, der ikke vil syne veteranbiler, fordi de ikke opfylder en eller anden paragraf, men her m\u00e5 man have synsmanden til at kigge i sin vejledning.&nbsp;<br>Et eksempel: Langsg\u00e5ende s\u00e6der eller sidevendte s\u00e6der som de ogs\u00e5 kaldes, blev ulovlige i EU omkring 2007 efter et par alvorlige ulykker, med langsg\u00e5ende s\u00e6der i &#8220;varerummet&#8221; p\u00e5 Berlingo&#8217;er.&nbsp;<br>Her er hvad Synsvejledningen skriver om sidevendte, alts\u00e5 langsg\u00e5ende s\u00e6der.<br><em>&#8220;10.01.020 Bil (1) Sidevendte s\u00e6der er ikke tilladt. Bestemmelsen g\u00e6lder ikke personbil M2 eller M3, der er s\u00e5ledes indrettet, at der kan medtages st\u00e5ende passagerer.&nbsp;<strong>F\u00f8r 20.10.07: G\u00e6lder ikke<\/strong>. &#8220;<\/em><\/p>\n\n\n\n<p id=\"wnd_TextBlock_48723_inner_2\">Samme g\u00f8r sig g\u00e6ldende med f.eks seler. Alt efter hvorn\u00e5r det p\u00e5g\u00e6ldende k\u00f8ret\u00f8j er fra, s\u00e5 er der ingen eller f\u00e6rre krav til seler end til idag.&nbsp;<br><\/p>\n\n\n\n<h1 class=\"wp-block-heading\">Seler<\/h1>\n\n\n\n<p>Et tilbagevendende sp\u00f8rgsm\u00e5l er hvorn\u00e5r der skal v\u00e6re seler i en veteranbil.&nbsp;<br><br>Kort fortalt og forenklet: F\u00f8r 1969 er der ikke krav om seler i et k\u00f8ret\u00f8j, Overhovedet!<br>Indtil 1989 er der kun krav om fors\u00e6deseler, og alts\u00e5 ikke bags\u00e6deseler. Selerne skal v\u00e6re 3 pkts seler, dog kan midters\u00e6det v\u00e6re en hoftesele.&nbsp;Indtil 1998 er der ikke krav om rulleseler, ogs\u00e5 kaldet Inerti-retractor seler.<br><br>Indtil 1\/4 1980 er der ikke krav om godkendte seleforankringspunkter.<\/p>\n\n\n\n<p>B\u00d8RN!&nbsp;<br>Det er v\u00e6rd at bem\u00e6rke at b\u00f8rn op til 3 \u00e5r og under 135 cm skal sidde i godkendte barnestole\/siddepuder og tilh\u00f8rende seler. De m\u00e5 gerne sidde p\u00e5 fors\u00e6det, s\u00e5 l\u00e6nge de er sp\u00e6ndt ordenlig fast!&nbsp;<\/p>\n\n\n\n<h1 class=\"wp-block-heading\">Typegodkendelser<\/h1>\n\n\n\n<p>Man kan komme ud for at synmanden efterlyser en typegodkendelse. Disse findes ofte online. Mangler du en typegodkendelse, s\u00e5 sp\u00f8rg p\u00e5 DLRKs forum, s\u00e5 er der helt sikkert nogen der kan hj\u00e6lpe dig.&nbsp;<\/p>\n\n\n\n<p id=\"wnd_TextBlock_48723_inner_3\">Du kan downloade hele synsvejledningen&nbsp;<a href=\"https:\/\/fstyr.dk\/da\/Syn-af-koeretoej\/Vejledning-om-syn-af-koeretoejer\" rel=\"noreferrer noopener\" target=\"_blank\">her som pdf<\/a><\/p>\n","protected":false},"excerpt":{"rendered":"<p>Syn Forskellige instanser har forskellig opfattelse af hvorn\u00e5r en bil er veteran. Skat holder fast i at det er 35 \u00e5r, mens F\u00e6rdselsstyrelsen, der st\u00e5r for syn f\u00f8lger EU og siger 30 \u00e5r.&nbsp; Derfor kan en bil registreres til veterank\u00f8rsel fra den er 30 \u00e5r gammel. N\u00e5r bilen er registreret til veterank\u00f8rsel, skal n\u00e6ste syn &hellip; <a href=\"https:\/\/www.dlrk.dk\/veteranudvalget\/veteraner-og-syn\/\" class=\"more-link\">L\u00e6s videre<span class=\"screen-reader-text\"> &#8220;Veteraner og syn&#8221;<\/span><\/a><\/p>\n","protected":false},"author":1,"featured_media":0,"parent":0,"menu_order":0,"comment_status":"closed","ping_status":"closed","template":"","meta":{"footnotes":""},"class_list":["post-39","page","type-page","status-publish","hentry"],"_links":{"self":[{"href":"https:\/\/www.dlrk.dk\/veteranudvalget\/wp-json\/wp\/v2\/pages\/39","targetHints":{"allow":["GET"]}}],"collection":[{"href":"https:\/\/www.dlrk.dk\/veteranudvalget\/wp-json\/wp\/v2\/pages"}],"about":[{"href":"https:\/\/www.dlrk.dk\/veteranudvalget\/wp-json\/wp\/v2\/types\/page"}],"author":[{"embeddable":true,"href":"https:\/\/www.dlrk.dk\/veteranudvalget\/wp-json\/wp\/v2\/users\/1"}],"replies":[{"embeddable":true,"href":"https:\/\/www.dlrk.dk\/veteranudvalget\/wp-json\/wp\/v2\/comments?post=39"}],"version-history":[{"count":2,"href":"https:\/\/www.dlrk.dk\/veteranudvalget\/wp-json\/wp\/v2\/pages\/39\/revisions"}],"predecessor-version":[{"id":67,"href":"https:\/\/www.dlrk.dk\/veteranudvalget\/wp-json\/wp\/v2\/pages\/39\/revisions\/67"}],"wp:attachment":[{"href":"https:\/\/www.dlrk.dk\/veteranudvalget\/wp-json\/wp\/v2\/media?parent=39"}],"curies":[{"name":"wp","href":"https:\/\/api.w.org\/{rel}","templated":true}]}}